{"id":779,"date":"2023-01-23T19:42:25","date_gmt":"2023-01-23T19:42:25","guid":{"rendered":"https:\/\/gaski.is\/?page_id=779"},"modified":"2023-02-10T17:45:23","modified_gmt":"2023-02-10T17:45:23","slug":"personuverndarstefna","status":"publish","type":"page","link":"https:\/\/gaski.is\/en\/um-okkur\/personuverndarstefna\/","title":{"rendered":"Privacy Policy"},"content":{"rendered":"<div data-elementor-type=\"wp-page\" data-elementor-id=\"779\" class=\"elementor elementor-779\" data-elementor-post-type=\"page\">\n\t\t\t\t\t\t<section class=\"elementor-section elementor-top-section elementor-element elementor-element-5567872 elementor-section-content-middle elementor-section-boxed elementor-section-height-default elementor-section-height-default\" data-id=\"5567872\" data-element_type=\"section\" data-e-type=\"section\" data-settings=\"{&quot;background_background&quot;:&quot;classic&quot;,&quot;jet_parallax_layout_list&quot;:[]}\">\n\t\t\t\t\t\t\t<div class=\"elementor-background-overlay\"><\/div>\n\t\t\t\t\t\t\t<div class=\"elementor-container elementor-column-gap-default\">\n\t\t\t\t\t<div class=\"elementor-column elementor-col-50 elementor-top-column elementor-element elementor-element-1f28bd2c\" data-id=\"1f28bd2c\" data-element_type=\"column\" data-e-type=\"column\">\n\t\t\t<div class=\"elementor-widget-wrap elementor-element-populated\">\n\t\t\t\t\t\t<div class=\"elementor-element elementor-element-4afb6dd8 elementor-invisible elementor-widget elementor-widget-heading\" data-id=\"4afb6dd8\" data-element_type=\"widget\" data-e-type=\"widget\" data-settings=\"{&quot;_animation&quot;:&quot;fadeInDown&quot;}\" data-widget_type=\"heading.default\">\n\t\t\t\t<div class=\"elementor-widget-container\">\n\t\t\t\t\t<h1 class=\"elementor-heading-title elementor-size-default\">Privacy Policy<\/h1>\t\t\t\t<\/div>\n\t\t\t\t<\/div>\n\t\t\t\t\t<\/div>\n\t\t<\/div>\n\t\t\t\t<div class=\"elementor-column elementor-col-50 elementor-top-column elementor-element elementor-element-e6148f5\" data-id=\"e6148f5\" data-element_type=\"column\" data-e-type=\"column\">\n\t\t\t<div class=\"elementor-widget-wrap\">\n\t\t\t\t\t\t\t<\/div>\n\t\t<\/div>\n\t\t\t\t\t<\/div>\n\t\t<\/section>\n\t\t<div class=\"elementor-element elementor-element-6cf3052 e-flex e-con-boxed e-con e-parent\" data-id=\"6cf3052\" data-element_type=\"container\" data-e-type=\"container\" data-settings=\"{&quot;jet_parallax_layout_list&quot;:[]}\">\n\t\t\t\t\t<div class=\"e-con-inner\">\n\t\t\t\t<div class=\"elementor-element elementor-element-7827db6 elementor-widget elementor-widget-heading\" data-id=\"7827db6\" data-element_type=\"widget\" data-e-type=\"widget\" data-widget_type=\"heading.default\">\n\t\t\t\t<div class=\"elementor-widget-container\">\n\t\t\t\t\t<h2 class=\"elementor-heading-title elementor-size-default\">Pers\u00f3nuverndarstefna G\u00e1ska<\/h2>\t\t\t\t<\/div>\n\t\t\t\t<\/div>\n\t\t\t\t<div class=\"elementor-element elementor-element-ff42f82 elementor-widget elementor-widget-text-editor\" data-id=\"ff42f82\" data-element_type=\"widget\" data-e-type=\"widget\" data-widget_type=\"text-editor.default\">\n\t\t\t\t<div class=\"elementor-widget-container\">\n\t\t\t\t\t\t\t\t\t<p>F\u00e9lagi\u00f0 hefur sett s\u00e9r pers\u00f3nuverndarstefnu sem er birt h\u00e9r \u00e1 vef fyrirt\u00e6kisins.<\/p><p>\u00deeim einstaklingum sem \u00f3ska eftir uppl\u00fdsingum um vinnslu pers\u00f3nuuppl\u00fdsinga um sig \u00e1 grundvelli laga nr. 90\/2018, gefst kostur \u00e1 a\u00f0 leita til afgrei\u00f0slu f\u00e9lagsins, Bolholti 6, 105 Reykjav\u00edk og s\u00edman\u00famer: 5689009. \u00dear m\u00e1 n\u00e1lgast ey\u00f0ubl\u00f6\u00f0 me\u00f0 bei\u00f0ni um veitingu uppl\u00fdsinga um vinnsluna. Ger\u00f0 er krafa um a\u00f0 vi\u00f0komandi einstaklingur s\u00fdni fullgild pers\u00f3nuskilr\u00edki me\u00f0 mynd um lei\u00f0 og uppl\u00fdsingabei\u00f0ni er skila\u00f0, til a\u00f0 tryggja \u00f6rugga au\u00f0kenningu.<\/p><p>Ekki er teki\u00f0 vi\u00f0 bei\u00f0num um uppl\u00fdsingar um vinnslu pers\u00f3nuuppl\u00fdsinga \u00ed gegnum s\u00edma e\u00f0a me\u00f0 t\u00f6lvup\u00f3sti, \u00fev\u00ed sl\u00edkir samskiptami\u00f0lar uppfylla ekki pers\u00f3nuverndarkr\u00f6fur. Einstaklingar eru hvattir til \u00feess a\u00f0 senda aldrei vi\u00f0kv\u00e6mar pers\u00f3nuuppl\u00fdsingar um sig me\u00f0 t\u00f6lvup\u00f3sti.<\/p><p>P\u00f3sth\u00f3lf pers\u00f3nuverndarfulltr\u00faa er:\u00a0<u>personuvernd@gaski.is<\/u><\/p><ol><li><strong>Inngangur<\/strong><\/li><\/ol><p>Pers\u00f3nuuppl\u00fdsingar eru hvers kyns uppl\u00fdsingar um pers\u00f3nugreindan e\u00f0a pers\u00f3nugreinanlegan einstakling, \u00fe.e. uppl\u00fdsingar sem h\u00e6gt er a\u00f0 rekja beint e\u00f0a \u00f3beint til einstaklings. \u00d6ll vinnsla f\u00e9lagsins \u00e1 pers\u00f3nuuppl\u00fdsingum fer fram \u00ed samr\u00e6mi vi\u00f0 l\u00f6g um pers\u00f3nuvernd nr. 90\/2018 og almennu pers\u00f3nuverndarregluger\u00f0ina (ESB) 2016\/679. Vinnsla me\u00f0 pers\u00f3nuuppl\u00fdsingar sem flokkast sem heilbrig\u00f0isuppl\u00fdsingar er um margt fr\u00e1brug\u00f0in annars konar vinnslu pers\u00f3nuuppl\u00fdsinga, m.a. hva\u00f0 var\u00f0ar hagsmuni hinna skr\u00e1\u00f0u. Af \u00feeim s\u00f6kum er a\u00f0 finna m\u00f6rg s\u00e9r\u00e1kv\u00e6\u00f0i um sl\u00edka vinnslu \u00ed pers\u00f3nuverndarl\u00f6gum sem taka mark af hinu s\u00e9rstaka e\u00f0li vinnslunnar. Pers\u00f3nuverndarstefna f\u00e9lagsins tekur mi\u00f0 af \u00feessari s\u00e9rst\u00f6\u00f0u. \u00cd henni er a\u00f0 finna l\u00fdsingu \u00e1 \u00fev\u00ed hva\u00f0a pers\u00f3nuuppl\u00fdsingum f\u00e9lagi\u00f0 safnar og vinnur me\u00f0, hvers vegna, hve lengi megi \u00e6tla a\u00f0 uppl\u00fdsingarnar ver\u00f0i geymdar og me\u00f0 hva\u00f0a h\u00e6tti s\u00e9 g\u00e6tt a\u00f0 \u00f6ryggi \u00feeirra.<\/p><ol start=\"2\"><li><strong>Tegundir pers\u00f3nuuppl\u00fdsinga sem unni\u00f0 er me\u00f0.<\/strong><\/li><\/ol><p>F\u00e9lagi\u00f0 notast vi\u00f0 g\u00f6gn sem veitt eru af vi\u00f0skiptavinum \u00ed \u00fej\u00f3nustu vi\u00f0 \u00fe\u00e1. Um er a\u00f0 r\u00e6\u00f0a b\u00e6\u00f0i pers\u00f3nuuppl\u00fdsingar og vi\u00f0kv\u00e6mar pers\u00f3nuuppl\u00fdsingar \u00fe.m.t. heilbrig\u00f0isuppl\u00fdsingar sem skv. l\u00f6gum skal vinna me\u00f0 s\u00e9rstakri var\u00fa\u00f0.<\/p><p>\u00c1 f\u00e9laginu hv\u00edlir einnig lagaskylda sem almennt hv\u00edlir \u00e1 \u00f6llum \u00edslenskum rekstrara\u00f0ilum sem vinna \u00e1kve\u00f0in pers\u00f3nugreinanleg g\u00f6gn, t.d. vegna starfsmannahalds og \u00e1kv\u00e6\u00f0a b\u00f3khalds- og skattalaga.<\/p><ol start=\"3\"><li><strong>Tilgangur og heimildir fyrir vinnslu pers\u00f3nuuppl\u00fdsinga.\u00a0<\/strong><\/li><\/ol><p>Tilgangur f\u00e9lagsins og heimild til vinnslu pers\u00f3nuuppl\u00fdsinga er s\u00f3tt \u00ed 5. og 6. gr. pvrg. Ef uppl\u00fdsinga er afla\u00f0 fr\u00e1 \u00f6\u00f0rum en vi\u00f0komandi einstaklingum sj\u00e1lfum er \u00fea\u00f0 gert \u00ed samr\u00e6mi vi\u00f0 heimildir laga. F\u00e9lagi\u00f0 notar pers\u00f3nuuppl\u00fdsingar um vi\u00f0skiptavini eing\u00f6ngu \u00ed \u00feeim tilgangi sem vi\u00f0skiptavinir voru uppl\u00fdstir um vi\u00f0 s\u00f6fnun \u00feeirra. Ef f\u00e9lagi\u00f0 telur sig \u00feurfa a\u00f0 nota uppl\u00fdsingarnar \u00ed \u00f6\u00f0rum og \u00f3skyldum tilgangi \u00fe\u00e1 ver\u00f0a vi\u00f0skiptavinir uppl\u00fdstir um \u00fea\u00f0 og \u00e1 hva\u00f0a lagagrundvelli f\u00e9lagi\u00f0 telur sl\u00edka notkun heimila.<\/p><ol start=\"4\"><li><strong>Hversu lengi geymum vi\u00f0 g\u00f6gnin?\u00a0<\/strong><\/li><\/ol><p>Almennar uppl\u00fdsingar um vi\u00f0skiptavini eru var\u00f0veittar \u00ed 1 \u00e1r fr\u00e1 lokum vi\u00f0skipta nema ef um er a\u00f0 r\u00e6\u00f0a uppl\u00fdsingar sem falla undir l\u00f6g e\u00f0a regluger\u00f0ir um sj\u00fakraskr\u00e1r. S\u00e9 um a\u00f0 r\u00e6\u00f0a uppl\u00fdsingar sem falla undir b\u00f3khaldsl\u00f6g eru \u00fe\u00e6r var\u00f0veittar \u00ed 7 \u00e1r fr\u00e1 lokum vi\u00f0komandi reiknings\u00e1rs.<\/p><ol start=\"5\"><li><strong>Hvert er pers\u00f3nuuppl\u00fdsingum mi\u00f0la\u00f0?\u00a0<\/strong><\/li><\/ol><p>F\u00e9lagi\u00f0 mi\u00f0lar ekki pers\u00f3nuuppl\u00fdsingum e\u00f0a pers\u00f3nugreinanlegum g\u00f6gnum til annarra a\u00f0ila nema me\u00f0 sam\u00feykki hins skr\u00e1\u00f0a e\u00f0a me\u00f0 s\u00e9rstakri heimild \u00ed h-li\u00f0, 2. mgr. 9. gr. pvrg.<\/p><ol start=\"6\"><li><strong>Hvernig tryggjum vi\u00f0 \u00f6ryggi pers\u00f3nuuppl\u00fdsinga?\u00a0<\/strong><\/li><\/ol><p>F\u00e9lagi\u00f0 leitast vi\u00f0 a\u00f0 gr\u00edpa til vi\u00f0eigandi t\u00e6knilegra og skipulegra r\u00e1\u00f0stafana til a\u00f0 vernda pers\u00f3nuuppl\u00fdsingar me\u00f0 s\u00e9rt\u00f6ku tilliti til e\u00f0lis \u00feeirra. \u00deessum r\u00e1\u00f0st\u00f6funum er \u00e6tla\u00f0 a\u00f0 vernda pers\u00f3nuuppl\u00fdsingar gegn \u00fev\u00ed a\u00f0 \u00fe\u00e6r glatist e\u00f0a breytist fyrir slysni og gegn \u00f3leyfilegum a\u00f0gangi, afritun, notkun e\u00f0a mi\u00f0lun \u00feeirra. D\u00e6mi um \u00f6ryggisr\u00e1\u00f0stafanir sem notast er vi\u00f0 eru a\u00f0gangsst\u00fdringar \u00ed kerfum f\u00e9lagsins.<\/p><ol start=\"7\"><li><strong>R\u00e9ttur einstaklinga.\u00a0<\/strong><\/li><\/ol><p>Einstaklingur \u00e1 r\u00e9tt \u00e1 a\u00f0 a\u00f0 f\u00e1 uppl\u00fdsingar um hva\u00f0a pers\u00f3nuuppl\u00fdsingar eru unnar um hann innan \u00feeirra marka og me\u00f0 \u00feeim takm\u00f6rkunum sem pers\u00f3nuverndarl\u00f6g tilgreina, auk \u00feess sem pers\u00f3nuverndarl\u00f6g veita skr\u00e1\u00f0um einstaklingum margh\u00e1ttu\u00f0 r\u00e9ttindi sem var\u00f0a me\u00f0fer\u00f0 \u00e1 pers\u00f3nuuppl\u00fdsingum um \u00fe\u00e1. Einnig eiga vi\u00f0skiptavinir sem veitt hafa uppl\u00fdst sam\u00feykki r\u00e9tt \u00e1 a\u00f0 draga til baka sam\u00feykki hven\u00e6r sem er og \u00e1n s\u00e9rstakra sk\u00fdringa og ver\u00f0ur \u00fe\u00e1 pers\u00f3nuuppl\u00fdsingum um \u00fe\u00e1 eytt, nema \u00feeim sem bera a\u00f0 halda skv. l\u00f6gum. \u00de\u00e1 hefur einstaklingur r\u00e9tt \u00e1 a\u00f0 leggja fram kv\u00f6rtun til Pers\u00f3nuverndar ef \u00feeir telja a\u00f0 ekki hafi veri\u00f0 fylgt \u00e1kv\u00e6\u00f0um pers\u00f3nuverndarlaga um me\u00f0fer\u00f0 \u00e1 pers\u00f3nuuppl\u00fdsingum. N\u00e1nari uppl\u00fdsingar m\u00e1 finna \u00e1 vefs\u00ed\u00f0u Pers\u00f3nuverndar, personuvernd.is<\/p><ol start=\"8\"><li><strong>Hvernig uppf\u00e6rum vi\u00f0 e\u00f0a breytum pers\u00f3nuverndarstefnunni?\u00a0<\/strong><\/li><\/ol><p>F\u00e9lagi\u00f0 getur breytt \u00feessari pers\u00f3nuverndarstefnu og b\u00e6tt vi\u00f0 hana hven\u00e6r sem er og taka sl\u00edkar breytingar gildi \u00e1n fyrirvara. Sl\u00edkar breytingar kunna t.d. a\u00f0 vera ger\u00f0ar til a\u00f0 samr\u00e6ma pers\u00f3nuverndarstefnuna vi\u00f0 gildandi l\u00f6g og reglur er var\u00f0a pers\u00f3nuvernd hverju sinni. Allar breytingar \u00e1 stefnunni ver\u00f0a birtar \u00e1 vefs\u00ed\u00f0unni: gaski.is<\/p><p>Pers\u00f3nuverndarstefna \u00feessi t\u00f3k gildi 8. mars 2021.<\/p>\t\t\t\t\t\t\t\t<\/div>\n\t\t\t\t<\/div>\n\t\t\t\t\t<\/div>\n\t\t\t\t<\/div>\n\t\t\t\t<\/div>","protected":false},"excerpt":{"rendered":"<p>Pers\u00f3nuverndarstefna G\u00e1ska F\u00e9lagi\u00f0 hefur sett s\u00e9r pers\u00f3nuverndarstefnu sem er birt h\u00e9r \u00e1 vef fyrirt\u00e6kisins. \u00deeim einstaklingum sem \u00f3ska eftir uppl\u00fdsingum um vinnslu pers\u00f3nuuppl\u00fdsinga um sig \u00e1 grundvelli laga nr. 90\/2018, gefst kostur \u00e1 a\u00f0 leita til afgrei\u00f0slu f\u00e9lagsins, Bolholti 6, 105 Reykjav\u00edk og s\u00edman\u00famer: 5689009. \u00dear m\u00e1 n\u00e1lgast ey\u00f0ubl\u00f6\u00f0 me\u00f0 bei\u00f0ni um veitingu uppl\u00fdsinga um [&hellip;]<\/p>\n","protected":false},"author":1,"featured_media":0,"parent":109,"menu_order":0,"comment_status":"closed","ping_status":"closed","template":"elementor_header_footer","meta":{"footnotes":""},"class_list":["post-779","page","type-page","status-publish","hentry"],"_links":{"self":[{"href":"https:\/\/gaski.is\/en\/wp-json\/wp\/v2\/pages\/779","targetHints":{"allow":["GET"]}}],"collection":[{"href":"https:\/\/gaski.is\/en\/wp-json\/wp\/v2\/pages"}],"about":[{"href":"https:\/\/gaski.is\/en\/wp-json\/wp\/v2\/types\/page"}],"author":[{"embeddable":true,"href":"https:\/\/gaski.is\/en\/wp-json\/wp\/v2\/users\/1"}],"replies":[{"embeddable":true,"href":"https:\/\/gaski.is\/en\/wp-json\/wp\/v2\/comments?post=779"}],"version-history":[{"count":17,"href":"https:\/\/gaski.is\/en\/wp-json\/wp\/v2\/pages\/779\/revisions"}],"predecessor-version":[{"id":1333,"href":"https:\/\/gaski.is\/en\/wp-json\/wp\/v2\/pages\/779\/revisions\/1333"}],"up":[{"embeddable":true,"href":"https:\/\/gaski.is\/en\/wp-json\/wp\/v2\/pages\/109"}],"wp:attachment":[{"href":"https:\/\/gaski.is\/en\/wp-json\/wp\/v2\/media?parent=779"}],"curies":[{"name":"wp","href":"https:\/\/api.w.org\/{rel}","templated":true}]}}